{"id":2213,"date":"2018-06-14T13:29:50","date_gmt":"2018-06-14T11:29:50","guid":{"rendered":"http:\/\/multimet.com.pl\/en\/?page_id=2213"},"modified":"2024-04-10T10:25:37","modified_gmt":"2024-04-10T08:25:37","slug":"strona-glowna-2","status":"publish","type":"page","link":"https:\/\/multimet.com.pl\/en\/","title":{"rendered":"Home page"},"content":{"rendered":"<p>[et_pb_section fb_built=&#8221;1&#8243; fullwidth=&#8221;on&#8221; _builder_version=&#8221;4.24.2&#8243; _module_preset=&#8221;default&#8221; hover_enabled=&#8221;0&#8243; global_colors_info=&#8221;{}&#8221; sticky_enabled=&#8221;0&#8243;][et_pb_fullwidth_slider show_arrows=&#8221;off&#8221; show_pagination=&#8221;off&#8221; use_bg_overlay=&#8221;off&#8221; use_text_overlay=&#8221;off&#8221; _builder_version=&#8221;4.24.2&#8243; _module_preset=&#8221;default&#8221; header_font=&#8221;Source Sans Pro|600|||||||&#8221; header_text_align=&#8221;center&#8221; auto=&#8221;on&#8221; hover_enabled=&#8221;0&#8243; header_text_shadow_style=&#8221;preset1&#8243; global_colors_info=&#8221;{}&#8221; sticky_enabled=&#8221;0&#8243;][et_pb_slide heading=&#8221;Przemys\u0142 Offshore i Multimet&#8221; button_text=&#8221;Dowiedz si\u0119 wi\u0119cej &#8221; use_bg_overlay=&#8221;on&#8221; bg_overlay_color=&#8221;rgba(0,0,0,0.54)&#8221; use_text_overlay=&#8221;off&#8221; _builder_version=&#8221;4.24.2&#8243; _module_preset=&#8221;default&#8221; header_text_align=&#8221;center&#8221; body_text_color=&#8221;#000000&#8243; background_enable_color=&#8221;off&#8221; background_image=&#8221;https:\/\/multimet.com.pl\/wp-content\/uploads\/2016\/09\/multimet_slide1.jpg&#8221; background_enable_image=&#8221;on&#8221; custom_button=&#8221;on&#8221; button_border_width=&#8221;2px&#8221; button_border_color=&#8221;#666666&#8243; button_border_radius=&#8221;14px&#8221; button_font=&#8221;Source Sans Pro|600||on|||||&#8221; button_alignment=&#8221;center&#8221; width=&#8221;100%&#8221; width_tablet=&#8221;100%&#8221; width_phone=&#8221;100%&#8221; width_last_edited=&#8221;on|desktop&#8221; max_width=&#8221;100%&#8221; custom_padding=&#8221;0px|0px|0px|0px|false|false&#8221; custom_padding_tablet=&#8221;&#8221; custom_padding_phone=&#8221;&#8221; custom_padding_last_edited=&#8221;on|desktop&#8221; hover_transition_speed_curve=&#8221;ease-in-out&#8221; hover_enabled=&#8221;0&#8243; global_colors_info=&#8221;{}&#8221; sticky_transition=&#8221;on&#8221; button_link=&#8221;https:\/\/multimet.com.pl\/offshore\/&#8221; sticky_enabled=&#8221;0&#8243;][\/et_pb_slide][et_pb_slide heading=&#8221;Przemys\u0142 Offshore i Multimet&#8221; button_text=&#8221;Dowiedz si\u0119 wi\u0119cej &#8221; use_bg_overlay=&#8221;on&#8221; bg_overlay_color=&#8221;rgba(0,0,0,0.54)&#8221; use_text_overlay=&#8221;off&#8221; _builder_version=&#8221;4.24.2&#8243; _module_preset=&#8221;default&#8221; header_text_align=&#8221;center&#8221; body_text_color=&#8221;#000000&#8243; background_enable_color=&#8221;off&#8221; background_image=&#8221;https:\/\/multimet.com.pl\/wp-content\/uploads\/2016\/09\/multimet_slide2.jpg&#8221; background_enable_image=&#8221;on&#8221; custom_button=&#8221;on&#8221; button_border_width=&#8221;2px&#8221; button_border_color=&#8221;#666666&#8243; button_border_radius=&#8221;14px&#8221; button_font=&#8221;Source Sans Pro|600||on|||||&#8221; button_alignment=&#8221;center&#8221; width=&#8221;100%&#8221; width_tablet=&#8221;100%&#8221; width_phone=&#8221;100%&#8221; width_last_edited=&#8221;on|desktop&#8221; max_width=&#8221;100%&#8221; custom_padding_tablet=&#8221;&#8221; custom_padding_phone=&#8221;&#8221; custom_padding_last_edited=&#8221;on|desktop&#8221; hover_transition_speed_curve=&#8221;ease-in-out&#8221; hover_enabled=&#8221;0&#8243; global_colors_info=&#8221;{}&#8221; sticky_transition=&#8221;on&#8221; sticky_enabled=&#8221;0&#8243;][\/et_pb_slide][et_pb_slide heading=&#8221;Bezszwowe druty proszkowe&#8221; button_text=&#8221;Dowiedz si\u0119 wi\u0119cej &#8221; use_bg_overlay=&#8221;on&#8221; bg_overlay_color=&#8221;rgba(0,0,0,0.54)&#8221; use_text_overlay=&#8221;off&#8221; _builder_version=&#8221;4.24.2&#8243; _module_preset=&#8221;default&#8221; header_text_align=&#8221;center&#8221; body_text_color=&#8221;#000000&#8243; background_enable_color=&#8221;off&#8221; background_image=&#8221;https:\/\/multimet.com.pl\/wp-content\/uploads\/2016\/10\/multimet_slide3.jpg&#8221; background_enable_image=&#8221;on&#8221; custom_button=&#8221;on&#8221; button_border_width=&#8221;2px&#8221; button_border_color=&#8221;#666666&#8243; button_border_radius=&#8221;14px&#8221; button_font=&#8221;Source Sans Pro|600||on|||||&#8221; button_alignment=&#8221;center&#8221; width=&#8221;100%&#8221; width_tablet=&#8221;100%&#8221; width_phone=&#8221;100%&#8221; width_last_edited=&#8221;on|desktop&#8221; max_width=&#8221;100%&#8221; custom_padding_tablet=&#8221;&#8221; custom_padding_phone=&#8221;&#8221; custom_padding_last_edited=&#8221;on|desktop&#8221; hover_transition_speed_curve=&#8221;ease-in-out&#8221; hover_enabled=&#8221;0&#8243; global_colors_info=&#8221;{}&#8221; sticky_transition=&#8221;on&#8221; button_link=&#8221;https:\/\/multimet.com.pl\/druty_proszkowe\/&#8221; sticky_enabled=&#8221;0&#8243;][\/et_pb_slide][\/et_pb_fullwidth_slider][\/et_pb_section][et_pb_section fb_built=&#8221;1&#8243; _builder_version=&#8221;4.16&#8243; ab_goal=&#8221;on&#8221; global_colors_info=&#8221;{}&#8221;][et_pb_row _builder_version=&#8221;4.16&#8243; background_size=&#8221;initial&#8221; background_position=&#8221;top_left&#8221; background_repeat=&#8221;repeat&#8221; global_colors_info=&#8221;{}&#8221;][et_pb_column type=&#8221;4_4&#8243; _builder_version=&#8221;4.16&#8243; custom_padding=&#8221;|||&#8221; global_colors_info=&#8221;{}&#8221; custom_padding__hover=&#8221;|||&#8221;][et_pb_text _builder_version=&#8221;4.16&#8243; background_size=&#8221;initial&#8221; background_position=&#8221;top_left&#8221; background_repeat=&#8221;repeat&#8221; global_colors_info=&#8221;{}&#8221;]<strong><span style=\"font-size: 18pt;\">Welcome on Multimet website<\/span><\/strong><\/p>\n<p>We offer several decades of experience in the production of welding materials intended for a wide range of applications and a broad selection of products dedicated to welding.<\/p>\n<p>Our continuously growing offer is the result of our R&amp;D department\u2019s contribution and investment in the latest technological solutions and state-of-the-art laboratories. The high quality of our products is backed with a wide range of certificates for all customer groups.<\/p>\n<p>Multimet is a flexible company focused on engineering assistance for our customers. Our highly qualified staff armed with experience gained directly from the production for our customers is available at any time. We provide full before and after sales service. We provide advice and assistance in solving the most complex problems in the welding technology.<\/p>\n<p>Most goods are readily available in a wide-ranging network of commercial branches in such cities as: Wroc\u0142aw, Pozna\u0144, Szczecin, Gda\u0144sk, Lublin, and Katowice. Our specialists working in those locations provide constant access to the entire offer and respond immediately to the needs of our customers.[\/et_pb_text][\/et_pb_column][\/et_pb_row][\/et_pb_section][et_pb_section fb_built=&#8221;1&#8243; _builder_version=&#8221;4.24.2&#8243; _module_preset=&#8221;default&#8221; global_colors_info=&#8221;{}&#8221;][et_pb_row _builder_version=&#8221;4.24.2&#8243; _module_preset=&#8221;default&#8221; global_colors_info=&#8221;{}&#8221;][et_pb_column type=&#8221;4_4&#8243; _builder_version=&#8221;4.24.2&#8243; _module_preset=&#8221;default&#8221; global_colors_info=&#8221;{}&#8221;][ba_image_carousel _builder_version=&#8221;4.24.2&#8243; _module_preset=&#8221;default&#8221; global_colors_info=&#8221;{}&#8221;][\/ba_image_carousel][\/et_pb_column][\/et_pb_row][\/et_pb_section]<\/p>\n","protected":false},"excerpt":{"rendered":"<p>Welcome on Multimet website We offer several decades of experience in the production of welding materials intended for a wide range of applications and a broad selection of products dedicated to welding. Our continuously growing offer is the result of our R&amp;D department\u2019s contribution and investment in the latest technological solutions and state-of-the-art laboratories. The [&hellip;]<\/p>\n","protected":false},"author":1,"featured_media":0,"parent":0,"menu_order":0,"comment_status":"closed","ping_status":"closed","template":"","meta":{"_acf_changed":false,"_et_pb_use_builder":"on","_et_pb_old_content":"<strong><span style=\"font-size: 18pt;\">Welcome on Multimet website<\/span><\/strong>\n\nWe offer several decades of experience in the production of welding materials intended for a wide range of applications and a broad selection of products dedicated to welding.\n\nOur continuously growing offer is the result of our R&amp;D department\u2019s contribution and investment in the latest technological solutions and state-of-the-art laboratories. The high quality of our products is backed with a wide range of certificates for all customer groups.\n\nMultimet is a flexible company focused on engineering assistance for our customers. Our highly qualified staff armed with experience gained directly from the production for our customers is available at any time. We provide full before and after sales service. We provide advice and assistance in solving the most complex problems in the welding technology.\n\nMost goods are readily available in a wide-ranging network of commercial branches in such cities as: Wroc\u0142aw, Pozna\u0144, Szczecin, Gda\u0144sk, Lublin, and Katowice. Our specialists working in those locations provide constant access to the entire offer and respond immediately to the needs of our customers.","_et_gb_content_width":"","footnotes":""},"class_list":["post-2213","page","type-page","status-publish","hentry"],"acf":[],"yoast_head":"<!-- This site is optimized with the Yoast SEO plugin v27.1.1 - https:\/\/yoast.com\/product\/yoast-seo-wordpress\/ -->\n<title>Home page - Multimet<\/title>\n<meta name=\"robots\" content=\"index, follow, max-snippet:-1, max-image-preview:large, max-video-preview:-1\" \/>\n<link rel=\"canonical\" href=\"https:\/\/multimet.com.pl\/en\/\" \/>\n<meta property=\"og:locale\" content=\"en_US\" \/>\n<meta property=\"og:type\" content=\"article\" \/>\n<meta property=\"og:title\" content=\"Home page - Multimet\" \/>\n<meta property=\"og:description\" content=\"Welcome on Multimet website We offer several decades of experience in the production of welding materials intended for a wide range of applications and a broad selection of products dedicated to welding. Our continuously growing offer is the result of our R&amp;D department\u2019s contribution and investment in the latest technological solutions and state-of-the-art laboratories. The [&hellip;]\" \/>\n<meta property=\"og:url\" content=\"https:\/\/multimet.com.pl\/en\/\" \/>\n<meta property=\"og:site_name\" content=\"Multimet\" \/>\n<meta property=\"article:modified_time\" content=\"2024-04-10T08:25:37+00:00\" \/>\n<meta name=\"twitter:card\" content=\"summary_large_image\" \/>\n<meta name=\"twitter:label1\" content=\"Est. reading time\" \/>\n\t<meta name=\"twitter:data1\" content=\"4 minutes\" \/>\n<script type=\"application\/ld+json\" class=\"yoast-schema-graph\">{\"@context\":\"https:\/\/schema.org\",\"@graph\":[{\"@type\":\"WebPage\",\"@id\":\"https:\/\/multimet.com.pl\/en\/\",\"url\":\"https:\/\/multimet.com.pl\/en\/\",\"name\":\"Home page - Multimet\",\"isPartOf\":{\"@id\":\"https:\/\/multimet.com.pl\/#website\"},\"datePublished\":\"2018-06-14T11:29:50+00:00\",\"dateModified\":\"2024-04-10T08:25:37+00:00\",\"breadcrumb\":{\"@id\":\"https:\/\/multimet.com.pl\/en\/#breadcrumb\"},\"inLanguage\":\"en-US\",\"potentialAction\":[{\"@type\":\"ReadAction\",\"target\":[\"https:\/\/multimet.com.pl\/en\/\"]}]},{\"@type\":\"BreadcrumbList\",\"@id\":\"https:\/\/multimet.com.pl\/en\/#breadcrumb\",\"itemListElement\":[{\"@type\":\"ListItem\",\"position\":1,\"name\":\"Strona g\u0142\u00f3wna\",\"item\":\"https:\/\/multimet.com.pl\/en\/\"},{\"@type\":\"ListItem\",\"position\":2,\"name\":\"Home page\"}]},{\"@type\":\"WebSite\",\"@id\":\"https:\/\/multimet.com.pl\/#website\",\"url\":\"https:\/\/multimet.com.pl\/\",\"name\":\"Multimet\",\"description\":\"\",\"potentialAction\":[{\"@type\":\"SearchAction\",\"target\":{\"@type\":\"EntryPoint\",\"urlTemplate\":\"https:\/\/multimet.com.pl\/?s={search_term_string}\"},\"query-input\":{\"@type\":\"PropertyValueSpecification\",\"valueRequired\":true,\"valueName\":\"search_term_string\"}}],\"inLanguage\":\"en-US\"}]}<\/script>\n<!-- \/ Yoast SEO plugin. -->","yoast_head_json":{"title":"Home page - Multimet","robots":{"index":"index","follow":"follow","max-snippet":"max-snippet:-1","max-image-preview":"max-image-preview:large","max-video-preview":"max-video-preview:-1"},"canonical":"https:\/\/multimet.com.pl\/en\/","og_locale":"en_US","og_type":"article","og_title":"Home page - Multimet","og_description":"Welcome on Multimet website We offer several decades of experience in the production of welding materials intended for a wide range of applications and a broad selection of products dedicated to welding. Our continuously growing offer is the result of our R&amp;D department\u2019s contribution and investment in the latest technological solutions and state-of-the-art laboratories. The [&hellip;]","og_url":"https:\/\/multimet.com.pl\/en\/","og_site_name":"Multimet","article_modified_time":"2024-04-10T08:25:37+00:00","twitter_card":"summary_large_image","twitter_misc":{"Est. reading time":"4 minutes"},"schema":{"@context":"https:\/\/schema.org","@graph":[{"@type":"WebPage","@id":"https:\/\/multimet.com.pl\/en\/","url":"https:\/\/multimet.com.pl\/en\/","name":"Home page - Multimet","isPartOf":{"@id":"https:\/\/multimet.com.pl\/#website"},"datePublished":"2018-06-14T11:29:50+00:00","dateModified":"2024-04-10T08:25:37+00:00","breadcrumb":{"@id":"https:\/\/multimet.com.pl\/en\/#breadcrumb"},"inLanguage":"en-US","potentialAction":[{"@type":"ReadAction","target":["https:\/\/multimet.com.pl\/en\/"]}]},{"@type":"BreadcrumbList","@id":"https:\/\/multimet.com.pl\/en\/#breadcrumb","itemListElement":[{"@type":"ListItem","position":1,"name":"Strona g\u0142\u00f3wna","item":"https:\/\/multimet.com.pl\/en\/"},{"@type":"ListItem","position":2,"name":"Home page"}]},{"@type":"WebSite","@id":"https:\/\/multimet.com.pl\/#website","url":"https:\/\/multimet.com.pl\/","name":"Multimet","description":"","potentialAction":[{"@type":"SearchAction","target":{"@type":"EntryPoint","urlTemplate":"https:\/\/multimet.com.pl\/?s={search_term_string}"},"query-input":{"@type":"PropertyValueSpecification","valueRequired":true,"valueName":"search_term_string"}}],"inLanguage":"en-US"}]}},"_links":{"self":[{"href":"https:\/\/multimet.com.pl\/en\/wp-json\/wp\/v2\/pages\/2213","targetHints":{"allow":["GET"]}}],"collection":[{"href":"https:\/\/multimet.com.pl\/en\/wp-json\/wp\/v2\/pages"}],"about":[{"href":"https:\/\/multimet.com.pl\/en\/wp-json\/wp\/v2\/types\/page"}],"author":[{"embeddable":true,"href":"https:\/\/multimet.com.pl\/en\/wp-json\/wp\/v2\/users\/1"}],"replies":[{"embeddable":true,"href":"https:\/\/multimet.com.pl\/en\/wp-json\/wp\/v2\/comments?post=2213"}],"version-history":[{"count":13,"href":"https:\/\/multimet.com.pl\/en\/wp-json\/wp\/v2\/pages\/2213\/revisions"}],"predecessor-version":[{"id":2510,"href":"https:\/\/multimet.com.pl\/en\/wp-json\/wp\/v2\/pages\/2213\/revisions\/2510"}],"wp:attachment":[{"href":"https:\/\/multimet.com.pl\/en\/wp-json\/wp\/v2\/media?parent=2213"}],"curies":[{"name":"wp","href":"https:\/\/api.w.org\/{rel}","templated":true}]}}