{"id":2301,"date":"2016-09-14T16:06:30","date_gmt":"2016-09-14T14:06:30","guid":{"rendered":"http:\/\/multimet.com.pl\/kontakt\/"},"modified":"2026-03-12T09:53:54","modified_gmt":"2026-03-12T08:53:54","slug":"contact","status":"publish","type":"page","link":"https:\/\/multimet.com.pl\/en\/contact\/","title":{"rendered":"Contact"},"content":{"rendered":"<p>[et_pb_section fb_built=&#8221;1&#8243; admin_label=&#8221;section&#8221; _builder_version=&#8221;4.16&#8243; global_colors_info=&#8221;{}&#8221;][et_pb_row admin_label=&#8221;row&#8221; _builder_version=&#8221;4.16&#8243; background_size=&#8221;initial&#8221; background_position=&#8221;top_left&#8221; background_repeat=&#8221;repeat&#8221; global_colors_info=&#8221;{}&#8221;][et_pb_column type=&#8221;4_4&#8243; _builder_version=&#8221;4.16&#8243; custom_padding=&#8221;|||&#8221; global_colors_info=&#8221;{}&#8221; custom_padding__hover=&#8221;|||&#8221;][et_pb_text admin_label=&#8221;Text&#8221; _builder_version=&#8221;4.16&#8243; background_size=&#8221;initial&#8221; background_position=&#8221;top_left&#8221; background_repeat=&#8221;repeat&#8221; global_colors_info=&#8221;{}&#8221;]<\/p>\n<div class=\"row\">\n<div class=\"col-12\">\n<div class=\"row contact-list\">\n<div class=\"col-12 single-list\"><strong>Headquarter ( Production )<\/strong><br \/>59-170 Przemk\u00f3w<br \/>Ul.Fabryczna 10<br \/>tel <a href=\"tel:00480768319313\">(076) 831 93 13<\/a><br \/>fax <a href=\"tel:00480768320040\">(076) 832 00 40<\/a><\/div>\n<div class=\"col-6 single-list\"><strong>Sales office in Wroclaw<\/strong><br \/><span>51-130 Wroc\u0142aw<\/span><br \/>Ul.<span>\u017bmigrodzka 93B<\/span><br \/>tel\/fax <a href=\"tel:0048713735030\">(071) 373 50 30<\/a><br \/><a href=\"mailto:wroclaw@multimet.com.pl\">wroclaw@multimet.com.pl<\/a><\/div>\n<div class=\"col-6 single-list\"><strong>Sales office in Katowice<\/strong><br \/>40-833 Katowice<br \/>Ul.Obroki 109<br \/>tel\/fax <a href=\"tel:00480322504107\">(032) 250 41 07<\/a><br \/><a href=\"tel:00480322504163\">(032) 250 41 63<\/a><br \/><a href=\"mailto:katowice@multimet.com.pl\">katowice@multimet.com.pl<\/a><\/div>\n<div class=\"col-6 single-list\"><strong>Sales office in Gda\u0144sk<\/strong><br \/>80-557 Gda\u0144sk<br \/>Ul.Za\u0142ogowa 6<br \/>tel\/fax <a href=\"tel:00480583413381\">(058) 341 33 81<\/a><br \/><a href=\"mailto:gdansk@multimet.com.pl\">gdansk@multimet.com.pl<\/a><\/div>\n<div class=\"col-6 single-list\"><strong>Sales office in Szczecin<\/strong><br \/>71-083 Szczecin<br \/>Ul.Santocka 39<br \/>tel\/fax <a href=\"tel:00480914624595\">(091) 462 45 95<\/a><br \/><a href=\"mailto:szczecin@multimet.com.pl\">szczecin@multimet.com.pl<\/a><\/div>\n<div class=\"col-6 single-list\"><strong>Sales office in Pozna\u0144<\/strong><br \/>60-167 Pozna\u0144<br \/>Ul.Ostatnia 17b<br \/>tel\/fax <a href=\"tel:00480618689050\">(061) 868 90 50<\/a><br \/><a href=\"mailto:poznan@multimet.com.pl\">poznan@multimet.com.pl<\/a><\/div>\n<div class=\"col-6 single-list\"><strong>Sales office in Lublin<\/strong><br \/><span>20-481 Lublin<\/span><br \/><span>Ul. Karola Olszewskiego 8<\/span><br \/>tel\/fax <a href=\"tel:00480817482860\">(081) 748 28 60<\/a><br \/><a href=\"mailto:lublin@multimet.com.pl\">lublin@multimet.com.pl<\/a><\/div>\n<\/div>\n<\/div>\n<\/div>\n<p>[\/et_pb_text][\/et_pb_column][\/et_pb_row][\/et_pb_section]<\/p>\n","protected":false},"excerpt":{"rendered":"<p>Headquarter ( Production )59-170 Przemk\u00f3wUl.Fabryczna 10tel (076) 831 93 13fax (076) 832 00 40 Sales office in Wroclaw51-130 Wroc\u0142awUl.\u017bmigrodzka 93Btel\/fax (071) 373 50 30wroclaw@multimet.com.pl Sales office in Katowice40-833 KatowiceUl.Obroki 109tel\/fax (032) 250 41 07(032) 250 41 63katowice@multimet.com.pl Sales office in Gda\u0144sk80-557 Gda\u0144skUl.Za\u0142ogowa 6tel\/fax (058) 341 33 81gdansk@multimet.com.pl Sales office in Szczecin71-083 SzczecinUl.Santocka 39tel\/fax (091) 462 [&hellip;]<\/p>\n","protected":false},"author":1,"featured_media":86,"parent":0,"menu_order":0,"comment_status":"closed","ping_status":"closed","template":"","meta":{"_acf_changed":false,"_et_pb_use_builder":"on","_et_pb_old_content":"<div class=\"row\">\n<div class=\"col-12\">\n<div class=\"row contact-list\">\n<div class=\"col-12 single-list\"><strong>Headquarter ( Production )<\/strong>\n59-170 Przemk\u00f3w\nUl.Fabryczna 10\ntel <a href=\"tel:00480768319313\">(076) 831 93 13<\/a>\nfax <a href=\"tel:00480768320040\">(076) 832 00 40<\/a><\/div>\n<div class=\"col-6 single-list\"><strong>Sales office in Wroclaw<\/strong>\n53-608 Wroc\u0142aw\nUl.Robotnicza 56\ntel\/fax <a href=\"tel:0048713735030\">(071) 373 50 30<\/a>\n<a href=\"mailto:wroclaw@multimet.com.pl\">wroclaw@multimet.com.pl<\/a><\/div>\n<div class=\"col-6 single-list\"><strong>Sales office in Katowice<\/strong>\n40-833 Katowice\nUl.Obroki 109\ntel\/fax <a href=\"tel:00480322504107\">(032) 250 41 07<\/a>\n<a href=\"tel:00480322504163\">(032) 250 41 63<\/a>\n<a href=\"mailto:katowice@multimet.com.pl\">katowice@multimet.com.pl<\/a><\/div>\n<div class=\"col-6 single-list\"><strong>Sales office in Gda\u0144sk<\/strong>\n80-557 Gda\u0144sk\nUl.Za\u0142ogowa 6\ntel\/fax <a href=\"tel:00480583413381\">(058) 341 33 81<\/a>\n<a href=\"mailto:gdansk@multimet.com.pl\">gdansk@multimet.com.pl<\/a><\/div>\n<div class=\"col-6 single-list\"><strong>Sales office in Szczecin<\/strong>\n71-083 Szczecin\nUl.Santocka 39\ntel\/fax <a href=\"tel:00480914624595\">(091) 462 45 95<\/a>\n<a href=\"mailto:szczecin@multimet.com.pl\">szczecin@multimet.com.pl<\/a><\/div>\n<div class=\"col-6 single-list\"><strong>Sales office in Pozna\u0144<\/strong>\n60-167 Pozna\u0144\nUl.Ostatnia 17b\ntel\/fax <a href=\"tel:00480618689050\">(061) 868 90 50<\/a>\n<a href=\"mailto:poznan@multimet.com.pl\">poznan@multimet.com.pl<\/a><\/div>\n<div class=\"col-6 single-list\"><strong>Sales office in Lublin<\/strong>\n20-314 Lublin\nUl.Krzemionki 7\ntel\/fax <a href=\"tel:00480817482860\">(081) 748 28 60<\/a>\n<a href=\"mailto:lublin@multimet.com.pl\">lublin@multimet.com.pl<\/a><\/div>\n<\/div>\n<\/div>\n<\/div>","_et_gb_content_width":"","footnotes":""},"class_list":["post-2301","page","type-page","status-publish","has-post-thumbnail","hentry"],"acf":[],"yoast_head":"<!-- This site is optimized with the Yoast SEO plugin v27.1.1 - https:\/\/yoast.com\/product\/yoast-seo-wordpress\/ -->\n<title>Contact - Multimet<\/title>\n<meta name=\"robots\" content=\"index, follow, max-snippet:-1, max-image-preview:large, max-video-preview:-1\" \/>\n<link rel=\"canonical\" href=\"https:\/\/multimet.com.pl\/en\/contact\/\" \/>\n<meta property=\"og:locale\" content=\"en_US\" \/>\n<meta property=\"og:type\" content=\"article\" \/>\n<meta property=\"og:title\" content=\"Contact - Multimet\" \/>\n<meta property=\"og:description\" content=\"Headquarter ( Production )59-170 Przemk\u00f3wUl.Fabryczna 10tel (076) 831 93 13fax (076) 832 00 40 Sales office in Wroclaw51-130 Wroc\u0142awUl.\u017bmigrodzka 93Btel\/fax (071) 373 50 30wroclaw@multimet.com.pl Sales office in Katowice40-833 KatowiceUl.Obroki 109tel\/fax (032) 250 41 07(032) 250 41 63katowice@multimet.com.pl Sales office in Gda\u0144sk80-557 Gda\u0144skUl.Za\u0142ogowa 6tel\/fax (058) 341 33 81gdansk@multimet.com.pl Sales office in Szczecin71-083 SzczecinUl.Santocka 39tel\/fax (091) 462 [&hellip;]\" \/>\n<meta property=\"og:url\" content=\"https:\/\/multimet.com.pl\/en\/contact\/\" \/>\n<meta property=\"og:site_name\" content=\"Multimet\" \/>\n<meta property=\"article:modified_time\" content=\"2026-03-12T08:53:54+00:00\" \/>\n<meta property=\"og:image\" content=\"https:\/\/multimet.com.pl\/wp-content\/uploads\/2016\/09\/multimet_spawanie2.jpg\" \/>\n\t<meta property=\"og:image:width\" content=\"1600\" \/>\n\t<meta property=\"og:image:height\" content=\"350\" \/>\n\t<meta property=\"og:image:type\" content=\"image\/jpeg\" \/>\n<meta name=\"twitter:card\" content=\"summary_large_image\" \/>\n<meta name=\"twitter:label1\" content=\"Est. reading time\" \/>\n\t<meta name=\"twitter:data1\" content=\"1 minute\" \/>\n<script type=\"application\/ld+json\" class=\"yoast-schema-graph\">{\"@context\":\"https:\/\/schema.org\",\"@graph\":[{\"@type\":\"WebPage\",\"@id\":\"https:\/\/multimet.com.pl\/en\/contact\/\",\"url\":\"https:\/\/multimet.com.pl\/en\/contact\/\",\"name\":\"Contact - Multimet\",\"isPartOf\":{\"@id\":\"https:\/\/multimet.com.pl\/#website\"},\"primaryImageOfPage\":{\"@id\":\"https:\/\/multimet.com.pl\/en\/contact\/#primaryimage\"},\"image\":{\"@id\":\"https:\/\/multimet.com.pl\/en\/contact\/#primaryimage\"},\"thumbnailUrl\":\"https:\/\/multimet.com.pl\/wp-content\/uploads\/2016\/09\/multimet_spawanie2.jpg\",\"datePublished\":\"2016-09-14T14:06:30+00:00\",\"dateModified\":\"2026-03-12T08:53:54+00:00\",\"breadcrumb\":{\"@id\":\"https:\/\/multimet.com.pl\/en\/contact\/#breadcrumb\"},\"inLanguage\":\"en-US\",\"potentialAction\":[{\"@type\":\"ReadAction\",\"target\":[\"https:\/\/multimet.com.pl\/en\/contact\/\"]}]},{\"@type\":\"ImageObject\",\"inLanguage\":\"en-US\",\"@id\":\"https:\/\/multimet.com.pl\/en\/contact\/#primaryimage\",\"url\":\"https:\/\/multimet.com.pl\/wp-content\/uploads\/2016\/09\/multimet_spawanie2.jpg\",\"contentUrl\":\"https:\/\/multimet.com.pl\/wp-content\/uploads\/2016\/09\/multimet_spawanie2.jpg\",\"width\":1600,\"height\":350},{\"@type\":\"BreadcrumbList\",\"@id\":\"https:\/\/multimet.com.pl\/en\/contact\/#breadcrumb\",\"itemListElement\":[{\"@type\":\"ListItem\",\"position\":1,\"name\":\"Strona g\u0142\u00f3wna\",\"item\":\"https:\/\/multimet.com.pl\/en\/\"},{\"@type\":\"ListItem\",\"position\":2,\"name\":\"Contact\"}]},{\"@type\":\"WebSite\",\"@id\":\"https:\/\/multimet.com.pl\/#website\",\"url\":\"https:\/\/multimet.com.pl\/\",\"name\":\"Multimet\",\"description\":\"\",\"potentialAction\":[{\"@type\":\"SearchAction\",\"target\":{\"@type\":\"EntryPoint\",\"urlTemplate\":\"https:\/\/multimet.com.pl\/?s={search_term_string}\"},\"query-input\":{\"@type\":\"PropertyValueSpecification\",\"valueRequired\":true,\"valueName\":\"search_term_string\"}}],\"inLanguage\":\"en-US\"}]}<\/script>\n<!-- \/ Yoast SEO plugin. -->","yoast_head_json":{"title":"Contact - Multimet","robots":{"index":"index","follow":"follow","max-snippet":"max-snippet:-1","max-image-preview":"max-image-preview:large","max-video-preview":"max-video-preview:-1"},"canonical":"https:\/\/multimet.com.pl\/en\/contact\/","og_locale":"en_US","og_type":"article","og_title":"Contact - Multimet","og_description":"Headquarter ( Production )59-170 Przemk\u00f3wUl.Fabryczna 10tel (076) 831 93 13fax (076) 832 00 40 Sales office in Wroclaw51-130 Wroc\u0142awUl.\u017bmigrodzka 93Btel\/fax (071) 373 50 30wroclaw@multimet.com.pl Sales office in Katowice40-833 KatowiceUl.Obroki 109tel\/fax (032) 250 41 07(032) 250 41 63katowice@multimet.com.pl Sales office in Gda\u0144sk80-557 Gda\u0144skUl.Za\u0142ogowa 6tel\/fax (058) 341 33 81gdansk@multimet.com.pl Sales office in Szczecin71-083 SzczecinUl.Santocka 39tel\/fax (091) 462 [&hellip;]","og_url":"https:\/\/multimet.com.pl\/en\/contact\/","og_site_name":"Multimet","article_modified_time":"2026-03-12T08:53:54+00:00","og_image":[{"width":1600,"height":350,"url":"https:\/\/multimet.com.pl\/wp-content\/uploads\/2016\/09\/multimet_spawanie2.jpg","type":"image\/jpeg"}],"twitter_card":"summary_large_image","twitter_misc":{"Est. reading time":"1 minute"},"schema":{"@context":"https:\/\/schema.org","@graph":[{"@type":"WebPage","@id":"https:\/\/multimet.com.pl\/en\/contact\/","url":"https:\/\/multimet.com.pl\/en\/contact\/","name":"Contact - Multimet","isPartOf":{"@id":"https:\/\/multimet.com.pl\/#website"},"primaryImageOfPage":{"@id":"https:\/\/multimet.com.pl\/en\/contact\/#primaryimage"},"image":{"@id":"https:\/\/multimet.com.pl\/en\/contact\/#primaryimage"},"thumbnailUrl":"https:\/\/multimet.com.pl\/wp-content\/uploads\/2016\/09\/multimet_spawanie2.jpg","datePublished":"2016-09-14T14:06:30+00:00","dateModified":"2026-03-12T08:53:54+00:00","breadcrumb":{"@id":"https:\/\/multimet.com.pl\/en\/contact\/#breadcrumb"},"inLanguage":"en-US","potentialAction":[{"@type":"ReadAction","target":["https:\/\/multimet.com.pl\/en\/contact\/"]}]},{"@type":"ImageObject","inLanguage":"en-US","@id":"https:\/\/multimet.com.pl\/en\/contact\/#primaryimage","url":"https:\/\/multimet.com.pl\/wp-content\/uploads\/2016\/09\/multimet_spawanie2.jpg","contentUrl":"https:\/\/multimet.com.pl\/wp-content\/uploads\/2016\/09\/multimet_spawanie2.jpg","width":1600,"height":350},{"@type":"BreadcrumbList","@id":"https:\/\/multimet.com.pl\/en\/contact\/#breadcrumb","itemListElement":[{"@type":"ListItem","position":1,"name":"Strona g\u0142\u00f3wna","item":"https:\/\/multimet.com.pl\/en\/"},{"@type":"ListItem","position":2,"name":"Contact"}]},{"@type":"WebSite","@id":"https:\/\/multimet.com.pl\/#website","url":"https:\/\/multimet.com.pl\/","name":"Multimet","description":"","potentialAction":[{"@type":"SearchAction","target":{"@type":"EntryPoint","urlTemplate":"https:\/\/multimet.com.pl\/?s={search_term_string}"},"query-input":{"@type":"PropertyValueSpecification","valueRequired":true,"valueName":"search_term_string"}}],"inLanguage":"en-US"}]}},"_links":{"self":[{"href":"https:\/\/multimet.com.pl\/en\/wp-json\/wp\/v2\/pages\/2301","targetHints":{"allow":["GET"]}}],"collection":[{"href":"https:\/\/multimet.com.pl\/en\/wp-json\/wp\/v2\/pages"}],"about":[{"href":"https:\/\/multimet.com.pl\/en\/wp-json\/wp\/v2\/types\/page"}],"author":[{"embeddable":true,"href":"https:\/\/multimet.com.pl\/en\/wp-json\/wp\/v2\/users\/1"}],"replies":[{"embeddable":true,"href":"https:\/\/multimet.com.pl\/en\/wp-json\/wp\/v2\/comments?post=2301"}],"version-history":[{"count":6,"href":"https:\/\/multimet.com.pl\/en\/wp-json\/wp\/v2\/pages\/2301\/revisions"}],"predecessor-version":[{"id":2681,"href":"https:\/\/multimet.com.pl\/en\/wp-json\/wp\/v2\/pages\/2301\/revisions\/2681"}],"wp:featuredmedia":[{"embeddable":true,"href":"https:\/\/multimet.com.pl\/en\/wp-json\/wp\/v2\/media\/86"}],"wp:attachment":[{"href":"https:\/\/multimet.com.pl\/en\/wp-json\/wp\/v2\/media?parent=2301"}],"curies":[{"name":"wp","href":"https:\/\/api.w.org\/{rel}","templated":true}]}}